{"id":5197,"date":"2023-03-13T21:27:06","date_gmt":"2023-03-13T21:27:06","guid":{"rendered":"https:\/\/dev.olympic-sports.de\/?page_id=5197"},"modified":"2023-05-14T14:40:16","modified_gmt":"2023-05-14T14:40:16","slug":"agb","status":"publish","type":"page","link":"https:\/\/olympic-sports.de\/?page_id=5197","title":{"rendered":"AGB"},"content":{"rendered":"<div class=\"fusion-fullwidth fullwidth-box fusion-builder-row-1 fusion-flex-container has-pattern-background has-mask-background nonhundred-percent-fullwidth non-hundred-percent-height-scrolling\" style=\"--awb-border-radius-top-left:0px;--awb-border-radius-top-right:0px;--awb-border-radius-bottom-right:0px;--awb-border-radius-bottom-left:0px;\" ><div class=\"fusion-builder-row fusion-row fusion-flex-align-items-flex-start\" style=\"max-width:1216.8px;margin-left: calc(-4% \/ 2 );margin-right: calc(-4% \/ 2 );\"><div class=\"fusion-layout-column fusion_builder_column fusion-builder-column-0 fusion_builder_column_1_1 1_1 fusion-flex-column\" style=\"--awb-bg-size:cover;--awb-width-large:100%;--awb-margin-top-large:15px;--awb-spacing-right-large:1.92%;--awb-margin-bottom-large:15px;--awb-spacing-left-large:1.92%;--awb-width-medium:100%;--awb-order-medium:0;--awb-spacing-right-medium:1.92%;--awb-spacing-left-medium:1.92%;--awb-width-small:100%;--awb-order-small:0;--awb-spacing-right-small:1.92%;--awb-spacing-left-small:1.92%;\"><div class=\"fusion-column-wrapper fusion-column-has-shadow fusion-flex-justify-content-flex-start fusion-content-layout-column\"><div class=\"fusion-text fusion-text-1\"><p style=\"font-weight: 400;\">Allgemeine Gesch\u00e4ftsbedingungen (AGB)<\/p>\n<p style=\"font-weight: 400;\"><strong>Allgemeine Gesch\u00e4ftsbedingungen und gesetzliche Hinweise f\u00fcr die Firma olympic-sports GmbH im Internet zu finden unter www.olympic-sports.de<\/strong> <br \/>Stand: Januar 2023<\/p>\n<p style=\"font-weight: 400;\">Allgemeine Gesch\u00e4ftsbedingungen<\/p>\n<p style=\"font-weight: 400;\">\n<p style=\"font-weight: 400;\">Die olympic-sports GmbH, Niederm\u00fcnchsdorf 7, 94486 Osterhofen vertreten durch den Gesch\u00e4ftsf\u00fchrer, f\u00fchrt Ihre Bestellungen auf der Grundlage der nachfolgenden Allgemeinen Gesch\u00e4ftsbedingungen (AGB) durch.<\/p>\n<ol>\n<li style=\"font-weight: 400;\"><strong> Vertragsabschluss<\/strong><\/li>\n<\/ol>\n<p style=\"font-weight: 400;\">Solange zwischen Ihnen und uns kein Vertrag zustande gekommen ist, sind die genannten Preise freibleibend und bleibt ein Zwischenverkauf vorbehalten. Der Kaufvertrag\/Werkvertrag \u00fcber den oder die von Ihnen ausgew\u00e4hlten Artikel\/Leistung kommt zustande, wenn wir Ihre Bestellung\/Auftrag durch eine Auftragsbest\u00e4tigung in Textform best\u00e4tigen, die Mitteilung \u00fcber die Auslieferung oder durch die Lieferung der Ware. W\u00e4hrend dieser Zeit sind Sie an Ihre Bestellung\/Auftrag gebunden. <\/p>\n<ol start=\"2\">\n<li style=\"font-weight: 400;\"><strong> Preise, Mehrwertsteuer<\/strong><\/li>\n<\/ol>\n<p style=\"font-weight: 400;\">Alle Preise gelten in Euro inkl. der gesetzlichen Mehrwertsteuer. F\u00fcr Lieferungen an Endabnehmer in L\u00e4ndern der Europ\u00e4ischen Union (EU) gilt die derzeit g\u00fcltige Mehrwertsteuer der Bundesrepublik Deutschland, es sei denn, es liegen die Befreiungstatbest\u00e4nde des \u00a7 4 Ziff. 1b) i. V. m. \u00a7 6 a UStG vor. Bei Bestellungen aus dem Nicht-EU-Ausland k\u00fcrzen wir unsere Preise um die enthaltene deutsche Mehrwertsteuer. Die landestypische Einfuhrumsatzsteuer sowie etwaige Z\u00f6lle und Geb\u00fchren sind durch den Kunden zu bezahlen. <\/p>\n<ol start=\"3\">\n<li style=\"font-weight: 400;\"><strong> Mindermengenzuschlag und Mindestauftragswert<\/strong><\/li>\n<\/ol>\n<p style=\"font-weight: 400;\">Ein Mindermengenzuschlag und\/oder ein Mindestauftragswert wird Ihnen vorab schriftlich mitgeteilt.<\/p>\n<ol start=\"4\">\n<li style=\"font-weight: 400;\"><strong> Versandkosten<\/strong><\/li>\n<\/ol>\n<p style=\"font-weight: 400;\">Versandkosten werden auf Anfrage mitgeteilt, sp\u00e4testens jedoch mit der Auftragsbest\u00e4tigung ausgewiesen. Die Versandkosten fallen nur einmal pro Bestellung an, auch wenn die Bestellung in mehreren Sendungen geliefert wird. Wird eine Bestellung auf mehrere Lieferanschriften ausgef\u00fchrt, werden die Versandkosten pro Lieferanschrift erhoben. <\/p>\n<p style=\"font-weight: 400;\">4.1 Bei Versendung per Nachnahme wird eine zus\u00e4tzliche Geb\u00fchr von 15 \u20ac berechnet.<\/p>\n<p style=\"font-weight: 400;\">4.2 Versandkosten in das Ausland werden auf Anfrage mitgeteilt, sp\u00e4testens jedoch mit der Auftragsbest\u00e4tigung ausgewiesen.<\/p>\n<ol start=\"5\">\n<li style=\"font-weight: 400;\"><strong> R\u00fcckgabebelehrung<\/strong><\/li>\n<\/ol>\n<p style=\"font-weight: 400;\">5.1 R\u00fcckgaberecht<\/p>\n<p style=\"font-weight: 400;\">Sie k\u00f6nnen die erhaltene Ware ohne Angabe von Gr\u00fcnden innerhalb von 14 Tagen durch R\u00fccksendung der Ware zur\u00fcckgeben. Die Frist beginnt nach Erhalt dieser Belehrung in Textform (z. B. als Brief, E-Mail) jedoch nicht vor Eingang der Ware beim Empf\u00e4nger (bei der wiederkehrenden Lieferung gleichartiger Waren nicht vor Eingang der ersten Teillieferung) und auch nicht vor Erf\u00fcllung unserer Informationspflichten gem\u00e4\u00df Artikel 246 \u00a7 2 in Verbindung mit \u00a7 1 Abs. 1 und 2 EGBGB sowie vor Erf\u00fcllung unserer Pflichten gem\u00e4\u00df \u00a7 312g Abs. 1 Satz 1 BGB in Verbindung mit Artikel 246 \u00a7 3 EGBGB.<\/p>\n<p style=\"font-weight: 400;\">Nur bei nicht paketversandf\u00e4higer Ware (z. B. bei sperrigen G\u00fctern) k\u00f6nnen Sie die R\u00fcckgabe auch durch R\u00fccknahmeverlangen in Textform erkl\u00e4ren. Zur Wahrung der Frist gen\u00fcgt die rechtzeitige Absendung der Ware oder des R\u00fccknahmeverlangens. Die R\u00fccksendung erfolgt auf unsere Kosten und Gefahr. Die R\u00fccksendung oder das R\u00fccknahmeverlangen hat zu erfolgen an:<\/p>\n<p style=\"font-weight: 400;\">Firma: olympic-sports GmbH<br \/>Anschrift: Niederm\u00fcnchsdorf 7, 94486 Osterhofen, Germany<br \/>Telefon-Nr.: 0049 (0) 9932 \/ 402624, E-Mail-Adresse: <a href=\"mailto:info@olympic-sports.de\">info@olympic-sports.de<\/a><\/p>\n<p style=\"font-weight: 400;\">5.2 R\u00fcckgabefolgen<\/p>\n<p style=\"font-weight: 400;\">Im Falle einer wirksamen R\u00fcckgabe sind die beiderseits empfangenen Leistungen zur\u00fcckzugew\u00e4hren und ggf. gezogenen Nutzungen herauszugeben. Bei einer Verschlechterung der Sache und f\u00fcr Nutzungen (z. B. Gebrauchsvorteile), die nicht oder teilweise oder nur in einem verschlechterten Zustand herausgegeben werden k\u00f6nnen, kann Wertersatz verlangt werden. F\u00fcr eine Verschlechterung der Sache und f\u00fcr gezogenen Nutzen kann Wertersatz allerdings nur verlangt werden, wenn die Nutzungen oder die Verschlechterung auf einen Umgang mit der Sache zur\u00fcckzuf\u00fchren ist, der \u00fcber die Pr\u00fcfung der Eigenschaften und der Funktionsweise hinausgeht. Unter \u201ePr\u00fcfung der Eigenschaften und der Funktionsweise\u201c versteht man das Testen und Ausprobieren der jeweiligen Ware, wie es etwa im Ladengesch\u00e4ft m\u00f6glich und \u00fcblich ist. Verpflichtungen zur Erstattung von Zahlungen m\u00fcssen innerhalb von 30 Tagen erf\u00fcllt werden. Die Frist beginnt f\u00fcr Sie mit der Absendung der Ware oder des R\u00fccknahmeverlangens, f\u00fcr uns mit dem Empfang.<\/p>\n<p style=\"font-weight: 400;\"><strong>Ende der R\u00fcckgabebelehrung<\/strong><\/p>\n<p style=\"font-weight: 400;\">Bitte beachten Sie, dass Sie kein R\u00fcckgaberecht haben, wenn <span style=\"color: var(--awb-text-color); font-family: var(--awb-text-font-family); font-size: var(--awb-font-size); font-style: var(--awb-text-font-style); letter-spacing: var(--awb-letter-spacing); text-align: var(--awb-content-alignment); text-transform: var(--awb-text-transform); background-color: var(--awb-bg-color);\">Waren nach Ihrer Spezifikation angefertigt wurden oder eindeutig auf Ihre pers\u00f6nlichen Bed\u00fcrfnisse zugeschnitten sind oder aufgrund ihrer Beschaffenheit nicht f\u00fcr eine R\u00fccksendung geeignet sind.<\/span><\/p>\n<p style=\"font-weight: 400;\">Kosten der R\u00fccksendung durch Unternehmer<\/p>\n<p style=\"font-weight: 400;\">Sind Sie eine juristische Person oder erwerben Sie die Ware zu einem Zweck, der Ihrer gewerblichen oder selbstst\u00e4ndigen beruflichen T\u00e4tigkeit zugerechnet werden kann, so gehen die regelm\u00e4\u00dfigen Kosten der R\u00fccksendung zu Ihren Lasten, es sei denn, dass die gelieferte Ware nicht der Bestellten entspricht oder eine berechtigte M\u00e4ngelr\u00fcge gegeben ist.<\/p>\n<ol start=\"6\">\n<li style=\"font-weight: 400;\"><strong> M\u00e4ngel und Garantien<\/strong><\/li>\n<\/ol>\n<p style=\"font-weight: 400;\">6.1 Ist die Ware oder die Leistung mangelhaft, dann haben Sie die gesetzlich vorgesehenen Anspr\u00fcche. Erhalten Sie trotz umfassender Kontrollen eine Ware mit M\u00e4ngeln, so hilft Ihnen unsere Kundenbetreuung gern weiter. Das gilt auch f\u00fcr technische Defekte. <\/p>\n<p style=\"font-weight: 400;\">6.2 Garantien gew\u00e4hren wir gem. den geltenden gesetzlichen Bestimmungen.<\/p>\n<p style=\"font-weight: 400;\">Garantien schr\u00e4nken die gesetzlichen Anspr\u00fcche, insbesondere solche auf Nacherf\u00fcllung, Minderung, R\u00fccktritt und Schadensersatz nicht ein und gelten f\u00fcr die Zeit von der \u00dcbergabe der Ware an den Verbraucher bis zum Ablauf der jeweils angegebenen Garantiedauer. Im Garantiefall kann der Verbraucher die Ware bis zum Ablauf der angegebenen Garantiedauer auf unsere Kosten an die nachfolgende Adresse senden. Er erh\u00e4lt nach unserer Wahl eine Reparatur oder eine Ersatzlieferung. Die Garantie gilt nicht f\u00fcr nat\u00fcrlichen Verschlei\u00df und kundenseitige Besch\u00e4digungen.<\/p>\n<p style=\"font-weight: 400;\">Garantiegeber ist die Firma: olympic-sports GmbH vertreten durch den Gesch\u00e4ftsf\u00fchrer, Anschrift: Niederm\u00fcnchsdorf 7, D-94486 Osterhofen, <br \/>Telefon-Nr.: 0049 (0) 9932 \/ 402624, E-Mail-Adresse: <a href=\"mailto:info@olympic-sports.de\">info@olympic-sports.de<\/a>, <a href=\"http:\/\/www.olympic-sports.de\/\">www.olympic-sports.de<\/a>, eingetragen beim Registergericht Deggendorf HRB 2909AG, USTIDNR: DE 224 667 750<\/p>\n<ol start=\"7\">\n<li style=\"font-weight: 400;\"><strong> Haftung<\/strong><\/li>\n<\/ol>\n<p style=\"font-weight: 400;\">Beruht ein Schaden aufgrund von Verzug oder wegen eines Mangels auf der einfach fahrl\u00e4ssigen Verletzung einer wesentlichen Vertragspflicht, also einer Pflicht, deren Erf\u00fcllung die ordnungsgem\u00e4\u00dfe Durchf\u00fchrung des Vertrags \u00fcberhaupt erst erm\u00f6glicht und auf deren Einhaltung Sie als Kunde regelm\u00e4\u00dfig vertrauen d\u00fcrfen, so ist unsere Haftung auf den vorhersehbaren und typischerweise eintretenden Schaden begrenzt. Das Gleiche gilt, wenn Ihnen Anspr\u00fcche auf Schadensersatz statt der Leistung zustehen. In allen anderen F\u00e4llen vertraglicher oder au\u00dfervertraglicher Haftung haften wir nur bei Vorsatz oder grober Fahrl\u00e4ssigkeit. Die vorstehenden Haftungsbeschr\u00e4nkungen gelten nicht f\u00fcr Sch\u00e4den, die auf vors\u00e4tzlichen oder grob fahrl\u00e4ssigen Vertragsverletzungen von uns, unseren gesetzlichen Vertretern oder unseren Erf\u00fcllungsgehilfen beruhen. Sie gelten au\u00dferdem nicht f\u00fcr unsere Haftung f\u00fcr garantierte Beschaffenheitsmerkmale i.S.v. \u00a7 444 BGB, wegen Verletzung des Lebens, des K\u00f6rpers oder der Gesundheit oder nach dem Produkthaftungsgesetz. <\/p>\n<ol start=\"8\">\n<li style=\"font-weight: 400;\"><strong> Montage<\/strong><\/li>\n<\/ol>\n<p style=\"font-weight: 400;\">Sofern Montagen vereinbart sind, muss durch den Auftraggeber gew\u00e4hrleistet sein, dass die Baustelle zum vereinbarten Termin wie vertraglich vereinbart vorbereitet ist. Wir sind berechtigt, Subunternehmer zu beauftragen.<\/p>\n<ol start=\"9\">\n<li style=\"font-weight: 400;\"><strong> Zahlung<\/strong><\/li>\n<\/ol>\n<p style=\"font-weight: 400;\">Die Bezahlung der bestellten Waren\/Leistung erfolgt f\u00fcr Sie durch<\/p>\n<p style=\"font-weight: 400;\"><span style=\"color: var(--awb-text-color); font-family: var(--awb-text-font-family); font-size: var(--awb-font-size); font-style: var(--awb-text-font-style); letter-spacing: var(--awb-letter-spacing); text-align: var(--awb-content-alignment); text-transform: var(--awb-text-transform); background-color: var(--awb-bg-color);\">   9.1 \u00dcberweisung: Die Rechnung liegt der Ware bei oder wird Ihnen separat zugestellt. Das Zahlungsziel ist sofort nach Lieferung  <\/span><\/p>\n<p style=\"font-weight: 400;\"><span style=\"color: var(--awb-text-color); font-family: var(--awb-text-font-family); font-size: var(--awb-font-size); font-style: var(--awb-text-font-style); letter-spacing: var(--awb-letter-spacing); text-align: var(--awb-content-alignment); text-transform: var(--awb-text-transform); background-color: var(--awb-bg-color);\">   9.2 Nachnahme: Bei Lieferung per Nachnahme zahlen Sie den Rechnungsbetrag in bar. Es wird eine zus\u00e4tzliche Geb\u00fchr von 15 \u20ac berechnet.<\/span><\/p>\n<p style=\"font-weight: 400;\"><span style=\"color: var(--awb-text-color); font-family: var(--awb-text-font-family); font-size: var(--awb-font-size); font-style: var(--awb-text-font-style); letter-spacing: var(--awb-letter-spacing); text-align: var(--awb-content-alignment); text-transform: var(--awb-text-transform); background-color: var(--awb-bg-color);\">   9.3 Vorab\u00fcberweisung \/ Vorkasse: Sie haben die M\u00f6glichkeit, den in der Auftragsbest\u00e4tigung genannten Rechnungsbetrag auf das genannte Konto zu \u00fcberweisen. Nach Zahlungseingang wird die bestellte Ware zum Versand gebracht.<\/span><\/p>\n<p><strong style=\"color: var(--awb-text-color); font-family: var(--awb-text-font-family); font-size: var(--awb-font-size); font-style: var(--awb-text-font-style); letter-spacing: var(--awb-letter-spacing); text-align: var(--awb-content-alignment); text-transform: var(--awb-text-transform);\"> <\/strong><span style=\"color: var(--awb-text-color); font-family: var(--awb-text-font-family); font-size: var(--awb-font-size); font-style: var(--awb-text-font-style); letter-spacing: var(--awb-letter-spacing); text-align: var(--awb-content-alignment); text-transform: var(--awb-text-transform);\"> 10.  <\/span><strong style=\"color: var(--awb-text-color); font-family: var(--awb-text-font-family); font-size: var(--awb-font-size); font-style: var(--awb-text-font-style); letter-spacing: var(--awb-letter-spacing); text-align: var(--awb-content-alignment); text-transform: var(--awb-text-transform);\">Eigentumsvorbehalt<\/strong><\/p>\n<p style=\"font-weight: 400;\">Die Ware\/Leistung bleibt bis zu ihrer restlosen Bezahlung (einschlie\u00dflich Mehrwertsteuer und Versand) unser Eigentum. Verbrauchern ist nicht gestattet, sie vor vollst\u00e4ndiger Erf\u00fcllung ihrer aus dem Kauf entstandenen Verbindlichkeiten weiter zu ver\u00e4u\u00dfern.<\/p>\n<p style=\"font-weight: 400;\">Hat der Kunde die Ware in Aus\u00fcbung einer gewerblichen oder selbstst\u00e4ndigen beruflichen T\u00e4tigkeit gekauft, dann ist ihm die Weiterver\u00e4u\u00dferung im ordnungsgem\u00e4\u00dfen Gesch\u00e4ftsverkehr gestattet. Er tritt uns die ihm aus der Weiterver\u00e4u\u00dferung zustehenden Forderungen in H\u00f6he des Rechnungswertes unserer Forderung schon jetzt ab. Wir nehmen die Abtretung hiermit an. Der K\u00e4ufer bleibt zur Einziehung der Forderung auch nach der Abtretung erm\u00e4chtigt. Unsere Befugnis, die Forderung selbst einzuziehen, bleibt davon unber\u00fchrt. Wir werden jedoch die Forderung nicht einziehen, solange sich der K\u00e4ufer nicht in Zahlungsverzug befindet.<\/p>\n<ol start=\"11\">\n<li style=\"font-weight: 400;\"><strong> Schutzrechte<\/strong><\/li>\n<\/ol>\n<p style=\"font-weight: 400;\">Wir behalten uns an allen von uns gelieferten Produkten, Abbildungen und sonstigen Unterlagen die gewerblichen Schutz- und Urheberrechte vor. Eine Nachahmung durch Dritte bedarf unserer besonderen Genehmigung.<strong style=\"color: var(--awb-text-color); font-family: var(--awb-text-font-family); font-size: var(--awb-font-size); font-style: var(--awb-text-font-style); letter-spacing: var(--awb-letter-spacing); text-align: var(--awb-content-alignment); text-transform: var(--awb-text-transform);\"> <\/strong><\/p>\n<ol start=\"12\">\n<li style=\"font-weight: 400;\"><strong> Sonstige Gesch\u00e4ftsbedingungen<\/strong><\/li>\n<\/ol>\n<p style=\"font-weight: 400;\">Sollte eine der Gesch\u00e4ftsbedingungen ung\u00fcltig sein, gelten die anderen weiterhin. Allgemeinen Gesch\u00e4ftsbedingungen des Kunden widersprechen wir hiermit. Gerichtsstand ist Deggendorf, wenn der Kunde Kaufmann, juristische Person des \u00f6ffentlichen Rechts oder \u00f6ffentlich-rechtliches Sonderverm\u00f6gen ist. Hat der private Endverbraucher keinen Wohnsitz innerhalb der Europ\u00e4ischen Union, so ist unser Gesch\u00e4ftssitz Gerichtsstand. Es gilt geltendes deutsches Recht unter Ausschluss des UN-Kaufrechts. Im Verkehr mit Endverbrauchern innerhalb der Europ\u00e4ischen Union kann auch das Recht am Wohnsitz des Endverbrauchers anwendbar sein, sofern es sich zwingend um verbraucherrechtliche Bestimmungen handelt.<\/p>\n<ol start=\"13\">\n<li style=\"font-weight: 400;\"><strong> Erkl\u00e4rung zum Datenschutz<\/strong><\/li>\n<\/ol>\n<p style=\"font-weight: 400;\">Unsere Datenschutzpraxis basiert auf dem Bundesdatenschutzgesetz (BDSG) sowie dem Telemediengesetz (TMG). Zur Durchf\u00fchrung von Vertragsverh\u00e4ltnissen werden von uns personenbezogene Daten im Rahmen der gesetzlichen Bestimmungen erhoben, gespeichert und verarbeitet sofern Sie diese Angaben freiwillig gemacht haben. Wir versichern, dass wir Ihre personenbezogenen Daten nicht an Dritte weitergeben, es sei denn, dass wir dazu gesetzlich verpflichtet w\u00e4ren oder Sie vorher ausdr\u00fccklich eingewilligt haben. Soweit wir zur Durchf\u00fchrung und Abwicklung von Verarbeitungsprozessen Dienstleistungen Dritter in Anspruch nehmen, werden die Bestimmungen des Bundesdatenschutzgesetzes eingehalten. Zur Auftragsabwicklung geben wir z.B. die notwendigen Daten an Versandunternehmer\/Lieferanten weiter. Sofern wir in Vorleistung treten, z. B. bei einem Kauf auf Rechnung, behalten wir uns zur Wahrung unserer berechtigten Interessen vor ggf. eine Bonit\u00e4tsauskunft auf der Basis mathematisch-statistischer Verfahren bei einem geeigneten Institut einzuholen. Hierzu \u00fcbermitteln wir dann die zu einer Bonit\u00e4tspr\u00fcfung ben\u00f6tigten personenbezogenen Daten an das gew\u00e4hlte Institut und verwenden die erhaltenen Informationen \u00fcber die statistische Wahrscheinlichkeit eines Zahlungsausfalls f\u00fcr eine abgewogene Entscheidung \u00fcber die Begr\u00fcndung, Durchf\u00fchrung oder Beendigung des Vertragsverh\u00e4ltnisses. Die Bonit\u00e4tsauskunft kann Wahrscheinlichkeitswerte (Score-Werte) beinhalten, die auf Basis wissenschaftlich anerkannter mathematisch-statistischer Verfahren berechnet werden und in deren Berechnung unter anderem Anschriftendaten einflie\u00dfen. Ihre schutzw\u00fcrdigen Belange werden gem\u00e4\u00df den gesetzlichen Bestimmungen ber\u00fccksichtigt. Sollten Sie mit der Speicherung Ihrer personenbezogenen Daten nicht mehr einverstanden sein, werden wir auf entsprechende Weisung hin im Rahmen der gesetzlichen Bestimmungen die L\u00f6schung, Korrektur oder Sperrung Ihrer Daten veranlassen. Ebenso k\u00f6nnen Sie jederzeit der Nutzung und \u00dcbermittlung von personenbezogenen Daten zum Zwecke der Werbung durch formlose Mitteilung an uns widersprechen. Auf Wunsch erhalten Sie unentgeltlich Auskunft \u00fcber alle personenbezogenen Daten, die wir \u00fcber Sie gespeichert haben. Bei Fragen zur Erhebung, Verarbeitung oder Nutzung Ihrer personenbezogenen Daten, f\u00fcr Ausk\u00fcnfte, Berichtigung, Sperrung oder L\u00f6schung von Daten wenden Sie sich bitte schriftlich an: <\/p>\n<p style=\"font-weight: 400;\">olympic-sports GmbH, Niederm\u00fcnchsdorf 7, 94486 Osterhofen, Germany<\/p>\n<p style=\"font-weight: 400;\">Telefon-Nr.: 0049 (0) 9932 \/ 402624<\/p>\n<p style=\"font-weight: 400;\"><span style=\"color: var(--awb-text-color); font-family: var(--awb-text-font-family); font-size: var(--awb-font-size); font-style: var(--awb-text-font-style); letter-spacing: var(--awb-letter-spacing); text-align: var(--awb-content-alignment); text-transform: var(--awb-text-transform); background-color: var(--awb-bg-color);\">E-Mail-Adresse: <\/span><a href=\"mailto:info@olympic-sports.de\" style=\"font-family: var(--awb-text-font-family); font-size: var(--awb-font-size); font-style: var(--awb-text-font-style); letter-spacing: var(--awb-letter-spacing); text-align: var(--awb-content-alignment); text-transform: var(--awb-text-transform);\">info@olympic-sports.de<\/a><span style=\"color: var(--awb-text-color); font-family: var(--awb-text-font-family); font-size: var(--awb-font-size); font-style: var(--awb-text-font-style); letter-spacing: var(--awb-letter-spacing); text-align: var(--awb-content-alignment); text-transform: var(--awb-text-transform); background-color: var(--awb-bg-color);\">, <\/span><a href=\"http:\/\/www.olympic-sports.de\/\" style=\"font-family: var(--awb-text-font-family); font-size: var(--awb-font-size); font-style: var(--awb-text-font-style); letter-spacing: var(--awb-letter-spacing); text-align: var(--awb-content-alignment); text-transform: var(--awb-text-transform);\">www.olympic-sports.de<\/a><\/p>\n<ol start=\"14\">\n<li style=\"font-weight: 400;\"><strong> Streitschlichtung<\/strong><\/li>\n<\/ol>\n<p style=\"font-weight: 400;\">Die Europ\u00e4ische Kommission stellt eine Plattform zur Online-Streitbeilegung (OS) bereit, die Sie hier finden <a href=\"http:\/\/ec.europa.eu\/consumers\/odr\/\">http:\/\/ec.europa.eu\/consumers\/odr\/<\/a>. Verbraucher haben die M\u00f6glichkeit, diese Plattform f\u00fcr die Beilegung ihrer Streitigkeiten zu nutzen.<\/p>\n<p style=\"font-weight: 400;\">\n<\/div><\/div><\/div><\/div><\/div>\n","protected":false},"excerpt":{"rendered":"","protected":false},"author":1,"featured_media":0,"parent":0,"menu_order":0,"comment_status":"closed","ping_status":"closed","template":"","meta":{"footnotes":""},"class_list":["post-5197","page","type-page","status-publish","hentry"],"_links":{"self":[{"href":"https:\/\/olympic-sports.de\/index.php?rest_route=\/wp\/v2\/pages\/5197","targetHints":{"allow":["GET"]}}],"collection":[{"href":"https:\/\/olympic-sports.de\/index.php?rest_route=\/wp\/v2\/pages"}],"about":[{"href":"https:\/\/olympic-sports.de\/index.php?rest_route=\/wp\/v2\/types\/page"}],"author":[{"embeddable":true,"href":"https:\/\/olympic-sports.de\/index.php?rest_route=\/wp\/v2\/users\/1"}],"replies":[{"embeddable":true,"href":"https:\/\/olympic-sports.de\/index.php?rest_route=%2Fwp%2Fv2%2Fcomments&post=5197"}],"version-history":[{"count":5,"href":"https:\/\/olympic-sports.de\/index.php?rest_route=\/wp\/v2\/pages\/5197\/revisions"}],"predecessor-version":[{"id":5265,"href":"https:\/\/olympic-sports.de\/index.php?rest_route=\/wp\/v2\/pages\/5197\/revisions\/5265"}],"wp:attachment":[{"href":"https:\/\/olympic-sports.de\/index.php?rest_route=%2Fwp%2Fv2%2Fmedia&parent=5197"}],"curies":[{"name":"wp","href":"https:\/\/api.w.org\/{rel}","templated":true}]}}